{"id":235,"date":"2022-01-24T11:26:42","date_gmt":"2022-01-24T10:26:42","guid":{"rendered":"https:\/\/ranspre.org\/doppler-of-the-uterine-arteries\/"},"modified":"2022-06-03T17:01:55","modified_gmt":"2022-06-03T15:01:55","slug":"doppler-of-the-uterine-arteries","status":"publish","type":"page","link":"https:\/\/ranspre.org\/en\/doppler-of-the-uterine-arteries\/","title":{"rendered":"Doppler of the uterine arteries"},"content":{"rendered":"<style>#youtube-consent-player{width:calc(100% - 2rem);max-width:800px;aspect-ratio:580 \/ 435;background-color:#dbdbdb;margin-bottom:6rem}#youtube-consent-player .consent{display:flex;align-items:center;justify-content:center;height:100%;width:100%;flex-direction:column}#youtube-consent-player .consent button{margin-top:2rem}<\/style><div id=\"youtube-consent-player\" style=\"\"><div class=\"consent\"><p>Cette vid\u00e9o est h\u00e9berg\u00e9e par le service externe YOUTUBE.<br\/>Pour la consulter, vous devez accepter <a href=\"https:\/\/policies.google.com\/privacy?hl=fr\" target=\"_blank\">les r\u00e8gles de confidentialit\u00e9s des donn\u00e9es<\/a> de Google.<br\/>Ce service peut d\u00e9poser plusieurs cookies.<br\/><button onclick=\"showYoutubeVideo()\">ACCEPTER<\/button><\/p><\/div><\/div>\n","protected":false},"excerpt":{"rendered":"","protected":false},"author":1,"featured_media":0,"parent":0,"menu_order":0,"comment_status":"closed","ping_status":"closed","template":"","meta":{"footnotes":""},"class_list":["post-235","page","type-page","status-publish","hentry"],"yoast_head":"<!-- This site is optimized with the Yoast SEO plugin v27.2 - https:\/\/yoast.com\/product\/yoast-seo-wordpress\/ -->\n<title>Doppler of the uterine arteries - \u00c9tude RANSPre<\/title>\n<meta name=\"robots\" content=\"index, follow, max-snippet:-1, max-image-preview:large, max-video-preview:-1\" \/>\n<link rel=\"canonical\" href=\"https:\/\/ranspre.org\/en\/doppler-of-the-uterine-arteries\/\" \/>\n<meta property=\"og:locale\" content=\"en_US\" \/>\n<meta property=\"og:type\" content=\"article\" \/>\n<meta property=\"og:title\" content=\"Doppler of the uterine arteries - \u00c9tude RANSPre\" \/>\n<meta property=\"og:url\" content=\"https:\/\/ranspre.org\/en\/doppler-of-the-uterine-arteries\/\" \/>\n<meta property=\"og:site_name\" content=\"\u00c9tude RANSPre\" \/>\n<meta property=\"article:modified_time\" content=\"2022-06-03T15:01:55+00:00\" \/>\n<meta name=\"twitter:card\" content=\"summary_large_image\" \/>\n<script type=\"application\/ld+json\" class=\"yoast-schema-graph\">{\"@context\":\"https:\/\/schema.org\",\"@graph\":[{\"@type\":\"WebPage\",\"@id\":\"https:\/\/ranspre.org\/en\/doppler-of-the-uterine-arteries\/\",\"url\":\"https:\/\/ranspre.org\/en\/doppler-of-the-uterine-arteries\/\",\"name\":\"Doppler of the uterine arteries - \u00c9tude RANSPre\",\"isPartOf\":{\"@id\":\"https:\/\/ranspre.org\/#website\"},\"datePublished\":\"2022-01-24T10:26:42+00:00\",\"dateModified\":\"2022-06-03T15:01:55+00:00\",\"breadcrumb\":{\"@id\":\"https:\/\/ranspre.org\/en\/doppler-of-the-uterine-arteries\/#breadcrumb\"},\"inLanguage\":\"en-US\",\"potentialAction\":[{\"@type\":\"ReadAction\",\"target\":[\"https:\/\/ranspre.org\/en\/doppler-of-the-uterine-arteries\/\"]}]},{\"@type\":\"BreadcrumbList\",\"@id\":\"https:\/\/ranspre.org\/en\/doppler-of-the-uterine-arteries\/#breadcrumb\",\"itemListElement\":[{\"@type\":\"ListItem\",\"position\":1,\"name\":\"Accueil\",\"item\":\"https:\/\/ranspre.org\/en\/\"},{\"@type\":\"ListItem\",\"position\":2,\"name\":\"Doppler of the uterine arteries\"}]},{\"@type\":\"WebSite\",\"@id\":\"https:\/\/ranspre.org\/#website\",\"url\":\"https:\/\/ranspre.org\/\",\"name\":\"\u00c9tude RANSPre\",\"description\":\"\",\"publisher\":{\"@id\":\"https:\/\/ranspre.org\/#organization\"},\"potentialAction\":[{\"@type\":\"SearchAction\",\"target\":{\"@type\":\"EntryPoint\",\"urlTemplate\":\"https:\/\/ranspre.org\/?s={search_term_string}\"},\"query-input\":{\"@type\":\"PropertyValueSpecification\",\"valueRequired\":true,\"valueName\":\"search_term_string\"}}],\"inLanguage\":\"en-US\"},{\"@type\":\"Organization\",\"@id\":\"https:\/\/ranspre.org\/#organization\",\"name\":\"\u00e9tude RANSPre\",\"url\":\"https:\/\/ranspre.org\/\",\"logo\":{\"@type\":\"ImageObject\",\"inLanguage\":\"en-US\",\"@id\":\"https:\/\/ranspre.org\/#\/schema\/logo\/image\/\",\"url\":\"https:\/\/ranspre.org\/wp-content\/uploads\/2022\/01\/logo_RANSPre_FR_340x120_transparent.png\",\"contentUrl\":\"https:\/\/ranspre.org\/wp-content\/uploads\/2022\/01\/logo_RANSPre_FR_340x120_transparent.png\",\"width\":340,\"height\":120,\"caption\":\"\u00e9tude RANSPre\"},\"image\":{\"@id\":\"https:\/\/ranspre.org\/#\/schema\/logo\/image\/\"}}]}<\/script>\n<!-- \/ Yoast SEO plugin. -->","yoast_head_json":{"title":"Doppler of the uterine arteries - \u00c9tude RANSPre","robots":{"index":"index","follow":"follow","max-snippet":"max-snippet:-1","max-image-preview":"max-image-preview:large","max-video-preview":"max-video-preview:-1"},"canonical":"https:\/\/ranspre.org\/en\/doppler-of-the-uterine-arteries\/","og_locale":"en_US","og_type":"article","og_title":"Doppler of the uterine arteries - \u00c9tude RANSPre","og_url":"https:\/\/ranspre.org\/en\/doppler-of-the-uterine-arteries\/","og_site_name":"\u00c9tude RANSPre","article_modified_time":"2022-06-03T15:01:55+00:00","twitter_card":"summary_large_image","schema":{"@context":"https:\/\/schema.org","@graph":[{"@type":"WebPage","@id":"https:\/\/ranspre.org\/en\/doppler-of-the-uterine-arteries\/","url":"https:\/\/ranspre.org\/en\/doppler-of-the-uterine-arteries\/","name":"Doppler of the uterine arteries - \u00c9tude RANSPre","isPartOf":{"@id":"https:\/\/ranspre.org\/#website"},"datePublished":"2022-01-24T10:26:42+00:00","dateModified":"2022-06-03T15:01:55+00:00","breadcrumb":{"@id":"https:\/\/ranspre.org\/en\/doppler-of-the-uterine-arteries\/#breadcrumb"},"inLanguage":"en-US","potentialAction":[{"@type":"ReadAction","target":["https:\/\/ranspre.org\/en\/doppler-of-the-uterine-arteries\/"]}]},{"@type":"BreadcrumbList","@id":"https:\/\/ranspre.org\/en\/doppler-of-the-uterine-arteries\/#breadcrumb","itemListElement":[{"@type":"ListItem","position":1,"name":"Accueil","item":"https:\/\/ranspre.org\/en\/"},{"@type":"ListItem","position":2,"name":"Doppler of the uterine arteries"}]},{"@type":"WebSite","@id":"https:\/\/ranspre.org\/#website","url":"https:\/\/ranspre.org\/","name":"\u00c9tude RANSPre","description":"","publisher":{"@id":"https:\/\/ranspre.org\/#organization"},"potentialAction":[{"@type":"SearchAction","target":{"@type":"EntryPoint","urlTemplate":"https:\/\/ranspre.org\/?s={search_term_string}"},"query-input":{"@type":"PropertyValueSpecification","valueRequired":true,"valueName":"search_term_string"}}],"inLanguage":"en-US"},{"@type":"Organization","@id":"https:\/\/ranspre.org\/#organization","name":"\u00e9tude RANSPre","url":"https:\/\/ranspre.org\/","logo":{"@type":"ImageObject","inLanguage":"en-US","@id":"https:\/\/ranspre.org\/#\/schema\/logo\/image\/","url":"https:\/\/ranspre.org\/wp-content\/uploads\/2022\/01\/logo_RANSPre_FR_340x120_transparent.png","contentUrl":"https:\/\/ranspre.org\/wp-content\/uploads\/2022\/01\/logo_RANSPre_FR_340x120_transparent.png","width":340,"height":120,"caption":"\u00e9tude RANSPre"},"image":{"@id":"https:\/\/ranspre.org\/#\/schema\/logo\/image\/"}}]}},"_links":{"self":[{"href":"https:\/\/ranspre.org\/en\/wp-json\/wp\/v2\/pages\/235","targetHints":{"allow":["GET"]}}],"collection":[{"href":"https:\/\/ranspre.org\/en\/wp-json\/wp\/v2\/pages"}],"about":[{"href":"https:\/\/ranspre.org\/en\/wp-json\/wp\/v2\/types\/page"}],"author":[{"embeddable":true,"href":"https:\/\/ranspre.org\/en\/wp-json\/wp\/v2\/users\/1"}],"replies":[{"embeddable":true,"href":"https:\/\/ranspre.org\/en\/wp-json\/wp\/v2\/comments?post=235"}],"version-history":[{"count":1,"href":"https:\/\/ranspre.org\/en\/wp-json\/wp\/v2\/pages\/235\/revisions"}],"predecessor-version":[{"id":236,"href":"https:\/\/ranspre.org\/en\/wp-json\/wp\/v2\/pages\/235\/revisions\/236"}],"wp:attachment":[{"href":"https:\/\/ranspre.org\/en\/wp-json\/wp\/v2\/media?parent=235"}],"curies":[{"name":"wp","href":"https:\/\/api.w.org\/{rel}","templated":true}]}}